{"id":1529,"date":"2024-07-20T22:40:53","date_gmt":"2024-07-21T01:40:53","guid":{"rendered":"https:\/\/cinemovimenta.com.br\/centro\/locais-copy\/"},"modified":"2024-11-25T16:29:13","modified_gmt":"2024-11-25T19:29:13","slug":"acessibilidade","status":"publish","type":"page","link":"https:\/\/cinemovimenta.com.br\/centro\/acessibilidade\/","title":{"rendered":"Acessibilidade"},"content":{"rendered":"\t\t<div data-elementor-type=\"wp-page\" data-elementor-id=\"1529\" class=\"elementor elementor-1529\" data-elementor-post-type=\"page\">\n\t\t\t\t<div class=\"elementor-element elementor-element-cb367d8 e-con-full e-flex e-con e-parent\" data-id=\"cb367d8\" data-element_type=\"container\" data-settings=\"{&quot;background_background&quot;:&quot;classic&quot;,&quot;jet_parallax_layout_list&quot;:[]}\">\n\t\t<div class=\"elementor-element elementor-element-93271ed e-flex e-con-boxed e-con e-child\" data-id=\"93271ed\" data-element_type=\"container\" data-settings=\"{&quot;jet_parallax_layout_list&quot;:[]}\">\n\t\t\t\t\t<div class=\"e-con-inner\">\n\t\t\t\t<div class=\"elementor-element elementor-element-6b382f4 elementor-widget elementor-widget-heading\" data-id=\"6b382f4\" data-element_type=\"widget\" data-widget_type=\"heading.default\">\n\t\t\t\t<div class=\"elementor-widget-container\">\n\t\t\t\t\t<h2 class=\"elementor-heading-title elementor-size-default\">ACESSIBILIDADE<\/h2>\t\t\t\t<\/div>\n\t\t\t\t<\/div>\n\t\t\t\t\t<\/div>\n\t\t\t\t<\/div>\n\t\t\t\t<\/div>\n\t\t<div class=\"elementor-element elementor-element-463cc84 e-flex e-con-boxed e-con e-parent\" data-id=\"463cc84\" data-element_type=\"container\" data-settings=\"{&quot;background_background&quot;:&quot;classic&quot;,&quot;jet_parallax_layout_list&quot;:[]}\">\n\t\t\t\t\t<div class=\"e-con-inner\">\n\t\t<div class=\"elementor-element elementor-element-08ee360 e-flex e-con-boxed e-con e-child\" data-id=\"08ee360\" data-element_type=\"container\" data-settings=\"{&quot;jet_parallax_layout_list&quot;:[]}\">\n\t\t\t\t\t<div class=\"e-con-inner\">\n\t\t\t\t<div class=\"elementor-element elementor-element-e87f491 elementor-widget elementor-widget-text-editor\" data-id=\"e87f491\" data-element_type=\"widget\" data-widget_type=\"text-editor.default\">\n\t\t\t\t<div class=\"elementor-widget-container\">\n\t\t\t\t\t\t\t\t\t<p>O projeto <strong>Cine Movimenta Centro<\/strong> inclui em sua programa\u00e7\u00e3o sess\u00f5es acess\u00edveis a pessoas com defici\u00eancia. Quinzenalmente, os filmes brasileiros de longa-metragem poder\u00e3o ser assistidos com ferramentas de acessibilidade, atrav\u00e9s dos aplicativos <strong>MovieReading<\/strong>, em sess\u00f5es vespertinas especiais.<\/p><p>Os espectadores devem baixar os aplicativos em seus aparelhos celulares e sincroniz\u00e1-los com as exibi\u00e7\u00f5es nas salas de cinema. Nos cat\u00e1logos das ferramentas digitais, est\u00e3o dispon\u00edveis os recursos de audiodescri\u00e7\u00e3o, narra\u00e7\u00e3o em Libras e legendas Closed Caption.<\/p><p><strong>Funciona assim:<\/strong> antes de sair de casa, baixe o app, pesquise o t\u00edtulo que deseja assistir e fa\u00e7a o download do filme com o recurso de acessibilidade. Quando estiver na sala de cinema, com a sess\u00e3o prestes a come\u00e7ar, clique em \u201cmeus filmes\u201d ou \u201ccole\u00e7\u00e3o\u201d, selecione a acessibilidade baixada e aguarde a sincroniza\u00e7\u00e3o ser realizada. <strong>Lembre-se de permitir que o aplicativo utilize o microfone e a c\u00e2mera para sincronizar legendas, audiodescri\u00e7\u00e3o e narra\u00e7\u00e3o em Libras.<\/strong><\/p><p>Para tirar d\u00favidas sobre os recursos de acessibilidade, \u00e9 poss\u00edvel entrar em contato conosco atrav\u00e9s do email contatocinemovimenta@gmail.com<\/p>\t\t\t\t\t\t\t\t<\/div>\n\t\t\t\t<\/div>\n\t\t\t\t\t<\/div>\n\t\t\t\t<\/div>\n\t\t\t\t\t<\/div>\n\t\t\t\t<\/div>\n\t\t\t\t<\/div>\n\t\t","protected":false},"excerpt":{"rendered":"<p>ACESSIBILIDADE O projeto Cine Movimenta Centro inclui em sua programa\u00e7\u00e3o sess\u00f5es acess\u00edveis a pessoas com defici\u00eancia. Quinzenalmente, os filmes brasileiros de longa-metragem poder\u00e3o ser assistidos com ferramentas de acessibilidade, atrav\u00e9s dos aplicativos MovieReading, em sess\u00f5es vespertinas especiais. Os espectadores devem baixar os aplicativos em seus aparelhos celulares e sincroniz\u00e1-los com as exibi\u00e7\u00f5es nas salas de [&hellip;]<\/p>\n","protected":false},"author":1,"featured_media":0,"parent":0,"menu_order":0,"comment_status":"closed","ping_status":"closed","template":"elementor_header_footer","meta":{"footnotes":""},"class_list":["post-1529","page","type-page","status-publish","hentry"],"yoast_head":"<!-- This site is optimized with the Yoast SEO plugin v26.1.1 - https:\/\/yoast.com\/wordpress\/plugins\/seo\/ -->\n<title>Acessibilidade - Cine Movimenta Centro<\/title>\n<meta name=\"robots\" content=\"index, follow, max-snippet:-1, max-image-preview:large, max-video-preview:-1\" \/>\n<link rel=\"canonical\" href=\"https:\/\/cinemovimenta.com.br\/centro\/acessibilidade\/\" \/>\n<meta property=\"og:locale\" content=\"pt_BR\" \/>\n<meta property=\"og:type\" content=\"article\" \/>\n<meta property=\"og:title\" content=\"Acessibilidade - Cine Movimenta Centro\" \/>\n<meta property=\"og:description\" content=\"ACESSIBILIDADE O projeto Cine Movimenta Centro inclui em sua programa\u00e7\u00e3o sess\u00f5es acess\u00edveis a pessoas com defici\u00eancia. Quinzenalmente, os filmes brasileiros de longa-metragem poder\u00e3o ser assistidos com ferramentas de acessibilidade, atrav\u00e9s dos aplicativos MovieReading, em sess\u00f5es vespertinas especiais. Os espectadores devem baixar os aplicativos em seus aparelhos celulares e sincroniz\u00e1-los com as exibi\u00e7\u00f5es nas salas de [&hellip;]\" \/>\n<meta property=\"og:url\" content=\"https:\/\/cinemovimenta.com.br\/centro\/acessibilidade\/\" \/>\n<meta property=\"og:site_name\" content=\"Cine Movimenta Centro\" \/>\n<meta property=\"article:modified_time\" content=\"2024-11-25T19:29:13+00:00\" \/>\n<meta name=\"twitter:card\" content=\"summary_large_image\" \/>\n<meta name=\"twitter:label1\" content=\"Est. tempo de leitura\" \/>\n\t<meta name=\"twitter:data1\" content=\"1 minuto\" \/>\n<script type=\"application\/ld+json\" class=\"yoast-schema-graph\">{\"@context\":\"https:\/\/schema.org\",\"@graph\":[{\"@type\":\"WebPage\",\"@id\":\"https:\/\/cinemovimenta.com.br\/centro\/acessibilidade\/\",\"url\":\"https:\/\/cinemovimenta.com.br\/centro\/acessibilidade\/\",\"name\":\"Acessibilidade - Cine Movimenta Centro\",\"isPartOf\":{\"@id\":\"https:\/\/cinemovimenta.com.br\/centro\/#website\"},\"datePublished\":\"2024-07-21T01:40:53+00:00\",\"dateModified\":\"2024-11-25T19:29:13+00:00\",\"breadcrumb\":{\"@id\":\"https:\/\/cinemovimenta.com.br\/centro\/acessibilidade\/#breadcrumb\"},\"inLanguage\":\"pt-BR\",\"potentialAction\":[{\"@type\":\"ReadAction\",\"target\":[\"https:\/\/cinemovimenta.com.br\/centro\/acessibilidade\/\"]}]},{\"@type\":\"BreadcrumbList\",\"@id\":\"https:\/\/cinemovimenta.com.br\/centro\/acessibilidade\/#breadcrumb\",\"itemListElement\":[{\"@type\":\"ListItem\",\"position\":1,\"name\":\"In\u00edcio\",\"item\":\"https:\/\/cinemovimenta.com.br\/centro\/\"},{\"@type\":\"ListItem\",\"position\":2,\"name\":\"Acessibilidade\"}]},{\"@type\":\"WebSite\",\"@id\":\"https:\/\/cinemovimenta.com.br\/centro\/#website\",\"url\":\"https:\/\/cinemovimenta.com.br\/centro\/\",\"name\":\"Cine Movimenta Centro\",\"description\":\"Mostra de Cinema\",\"publisher\":{\"@id\":\"https:\/\/cinemovimenta.com.br\/centro\/#organization\"},\"potentialAction\":[{\"@type\":\"SearchAction\",\"target\":{\"@type\":\"EntryPoint\",\"urlTemplate\":\"https:\/\/cinemovimenta.com.br\/centro\/?s={search_term_string}\"},\"query-input\":{\"@type\":\"PropertyValueSpecification\",\"valueRequired\":true,\"valueName\":\"search_term_string\"}}],\"inLanguage\":\"pt-BR\"},{\"@type\":\"Organization\",\"@id\":\"https:\/\/cinemovimenta.com.br\/centro\/#organization\",\"name\":\"Cine Movimenta Centro\",\"url\":\"https:\/\/cinemovimenta.com.br\/centro\/\",\"logo\":{\"@type\":\"ImageObject\",\"inLanguage\":\"pt-BR\",\"@id\":\"https:\/\/cinemovimenta.com.br\/centro\/#\/schema\/logo\/image\/\",\"url\":\"https:\/\/cinemovimenta.com.br\/centro\/wp-content\/uploads\/2024\/07\/header-site.png\",\"contentUrl\":\"https:\/\/cinemovimenta.com.br\/centro\/wp-content\/uploads\/2024\/07\/header-site.png\",\"width\":1920,\"height\":200,\"caption\":\"Cine Movimenta Centro\"},\"image\":{\"@id\":\"https:\/\/cinemovimenta.com.br\/centro\/#\/schema\/logo\/image\/\"}}]}<\/script>\n<!-- \/ Yoast SEO plugin. -->","yoast_head_json":{"title":"Acessibilidade - Cine Movimenta Centro","robots":{"index":"index","follow":"follow","max-snippet":"max-snippet:-1","max-image-preview":"max-image-preview:large","max-video-preview":"max-video-preview:-1"},"canonical":"https:\/\/cinemovimenta.com.br\/centro\/acessibilidade\/","og_locale":"pt_BR","og_type":"article","og_title":"Acessibilidade - Cine Movimenta Centro","og_description":"ACESSIBILIDADE O projeto Cine Movimenta Centro inclui em sua programa\u00e7\u00e3o sess\u00f5es acess\u00edveis a pessoas com defici\u00eancia. Quinzenalmente, os filmes brasileiros de longa-metragem poder\u00e3o ser assistidos com ferramentas de acessibilidade, atrav\u00e9s dos aplicativos MovieReading, em sess\u00f5es vespertinas especiais. Os espectadores devem baixar os aplicativos em seus aparelhos celulares e sincroniz\u00e1-los com as exibi\u00e7\u00f5es nas salas de [&hellip;]","og_url":"https:\/\/cinemovimenta.com.br\/centro\/acessibilidade\/","og_site_name":"Cine Movimenta Centro","article_modified_time":"2024-11-25T19:29:13+00:00","twitter_card":"summary_large_image","twitter_misc":{"Est. tempo de leitura":"1 minuto"},"schema":{"@context":"https:\/\/schema.org","@graph":[{"@type":"WebPage","@id":"https:\/\/cinemovimenta.com.br\/centro\/acessibilidade\/","url":"https:\/\/cinemovimenta.com.br\/centro\/acessibilidade\/","name":"Acessibilidade - Cine Movimenta Centro","isPartOf":{"@id":"https:\/\/cinemovimenta.com.br\/centro\/#website"},"datePublished":"2024-07-21T01:40:53+00:00","dateModified":"2024-11-25T19:29:13+00:00","breadcrumb":{"@id":"https:\/\/cinemovimenta.com.br\/centro\/acessibilidade\/#breadcrumb"},"inLanguage":"pt-BR","potentialAction":[{"@type":"ReadAction","target":["https:\/\/cinemovimenta.com.br\/centro\/acessibilidade\/"]}]},{"@type":"BreadcrumbList","@id":"https:\/\/cinemovimenta.com.br\/centro\/acessibilidade\/#breadcrumb","itemListElement":[{"@type":"ListItem","position":1,"name":"In\u00edcio","item":"https:\/\/cinemovimenta.com.br\/centro\/"},{"@type":"ListItem","position":2,"name":"Acessibilidade"}]},{"@type":"WebSite","@id":"https:\/\/cinemovimenta.com.br\/centro\/#website","url":"https:\/\/cinemovimenta.com.br\/centro\/","name":"Cine Movimenta Centro","description":"Mostra de Cinema","publisher":{"@id":"https:\/\/cinemovimenta.com.br\/centro\/#organization"},"potentialAction":[{"@type":"SearchAction","target":{"@type":"EntryPoint","urlTemplate":"https:\/\/cinemovimenta.com.br\/centro\/?s={search_term_string}"},"query-input":{"@type":"PropertyValueSpecification","valueRequired":true,"valueName":"search_term_string"}}],"inLanguage":"pt-BR"},{"@type":"Organization","@id":"https:\/\/cinemovimenta.com.br\/centro\/#organization","name":"Cine Movimenta Centro","url":"https:\/\/cinemovimenta.com.br\/centro\/","logo":{"@type":"ImageObject","inLanguage":"pt-BR","@id":"https:\/\/cinemovimenta.com.br\/centro\/#\/schema\/logo\/image\/","url":"https:\/\/cinemovimenta.com.br\/centro\/wp-content\/uploads\/2024\/07\/header-site.png","contentUrl":"https:\/\/cinemovimenta.com.br\/centro\/wp-content\/uploads\/2024\/07\/header-site.png","width":1920,"height":200,"caption":"Cine Movimenta Centro"},"image":{"@id":"https:\/\/cinemovimenta.com.br\/centro\/#\/schema\/logo\/image\/"}}]}},"_links":{"self":[{"href":"https:\/\/cinemovimenta.com.br\/centro\/wp-json\/wp\/v2\/pages\/1529","targetHints":{"allow":["GET"]}}],"collection":[{"href":"https:\/\/cinemovimenta.com.br\/centro\/wp-json\/wp\/v2\/pages"}],"about":[{"href":"https:\/\/cinemovimenta.com.br\/centro\/wp-json\/wp\/v2\/types\/page"}],"author":[{"embeddable":true,"href":"https:\/\/cinemovimenta.com.br\/centro\/wp-json\/wp\/v2\/users\/1"}],"replies":[{"embeddable":true,"href":"https:\/\/cinemovimenta.com.br\/centro\/wp-json\/wp\/v2\/comments?post=1529"}],"version-history":[{"count":12,"href":"https:\/\/cinemovimenta.com.br\/centro\/wp-json\/wp\/v2\/pages\/1529\/revisions"}],"predecessor-version":[{"id":2541,"href":"https:\/\/cinemovimenta.com.br\/centro\/wp-json\/wp\/v2\/pages\/1529\/revisions\/2541"}],"wp:attachment":[{"href":"https:\/\/cinemovimenta.com.br\/centro\/wp-json\/wp\/v2\/media?parent=1529"}],"curies":[{"name":"wp","href":"https:\/\/api.w.org\/{rel}","templated":true}]}}